{"id":29,"date":"2022-03-02T19:18:04","date_gmt":"2022-03-02T19:18:04","guid":{"rendered":"https:\/\/wordpresskils.agency\/vonstein\/?page_id=29"},"modified":"2022-03-12T15:27:20","modified_gmt":"2022-03-12T15:27:20","slug":"steuerberatung","status":"publish","type":"page","link":"https:\/\/von-stein.de\/pl\/steuerberatung\/","title":{"rendered":"Dorodztwo podatkowe"},"content":{"rendered":"<div data-elementor-type=\"wp-page\" data-elementor-id=\"29\" class=\"elementor elementor-29\">\n\t\t\t\t\t\t<section class=\"elementor-section elementor-top-section elementor-element elementor-element-fe62187 elementor-section-boxed elementor-section-height-default elementor-section-height-default\" data-id=\"fe62187\" data-element_type=\"section\">\n\t\t\t\t\t\t<div class=\"elementor-container elementor-column-gap-default\">\n\t\t\t\t\t<div class=\"elementor-column elementor-col-66 elementor-top-column elementor-element elementor-element-7a4b4cb\" data-id=\"7a4b4cb\" data-element_type=\"column\">\n\t\t\t<div class=\"elementor-widget-wrap elementor-element-populated\">\n\t\t\t\t\t\t<div class=\"elementor-element elementor-element-899bf24 elementor-icon-list--layout-traditional elementor-list-item-link-full_width elementor-widget elementor-widget-icon-list\" data-id=\"899bf24\" data-element_type=\"widget\" data-widget_type=\"icon-list.default\">\n\t\t\t\t<div class=\"elementor-widget-container\">\n\t\t\t<link rel=\"stylesheet\" href=\"https:\/\/von-stein.de\/wp-content\/uploads\/elementor\/css\/custom-widget-icon-list.min.css?ver=1709483841\">\t\t<ul class=\"elementor-icon-list-items\">\n\t\t\t\t\t\t\t<li class=\"elementor-icon-list-item\">\n\t\t\t\t\t\t\t\t\t\t<span class=\"elementor-icon-list-text\">Istot\u0105 mojej dzia\u0142alno\u015bci w zakresie doradztwa podatkowego stanowi\u0105 ma\u0142e i \u015bredniej wielko\u015bci przedsi\u0119biorstwa.<\/span>\n\t\t\t\t\t\t\t\t\t<\/li>\n\t\t\t\t\t\t<\/ul>\n\t\t\t\t<\/div>\n\t\t\t\t<\/div>\n\t\t\t\t<div class=\"elementor-element elementor-element-ed1b362 elementor-widget elementor-widget-heading\" data-id=\"ed1b362\" data-element_type=\"widget\" data-widget_type=\"heading.default\">\n\t\t\t\t<div class=\"elementor-widget-container\">\n\t\t\t<style>\/*! elementor - v3.20.0 - 10-04-2024 *\/\n.elementor-heading-title{padding:0;margin:0;line-height:1}.elementor-widget-heading .elementor-heading-title[class*=elementor-size-]>a{color:inherit;font-size:inherit;line-height:inherit}.elementor-widget-heading .elementor-heading-title.elementor-size-small{font-size:15px}.elementor-widget-heading .elementor-heading-title.elementor-size-medium{font-size:19px}.elementor-widget-heading .elementor-heading-title.elementor-size-large{font-size:29px}.elementor-widget-heading .elementor-heading-title.elementor-size-xl{font-size:39px}.elementor-widget-heading .elementor-heading-title.elementor-size-xxl{font-size:59px}<\/style><h2 class=\"elementor-heading-title elementor-size-default\">Specjalno\u015bci mojej dzia\u0142alno\u015bci doradczej to:<\/h2>\t\t<\/div>\n\t\t\t\t<\/div>\n\t\t\t\t<div class=\"elementor-element elementor-element-e25ed06 elementor-icon-list--layout-traditional elementor-list-item-link-full_width elementor-widget elementor-widget-icon-list\" data-id=\"e25ed06\" data-element_type=\"widget\" data-widget_type=\"icon-list.default\">\n\t\t\t\t<div class=\"elementor-widget-container\">\n\t\t\t\t\t<ul class=\"elementor-icon-list-items\">\n\t\t\t\t\t\t\t<li class=\"elementor-icon-list-item\">\n\t\t\t\t\t\t\t\t\t\t\t<span class=\"elementor-icon-list-icon\">\n\t\t\t\t\t\t\t<i aria-hidden=\"true\" class=\"fas fa-square-full\"><\/i>\t\t\t\t\t\t<\/span>\n\t\t\t\t\t\t\t\t\t\t<span class=\"elementor-icon-list-text\">ksi\u0119gowo\u015b\u0107 p\u0142acowa i finansowa \u2013 tak\u017ce w j\u0119zyku angielskim<\/span>\n\t\t\t\t\t\t\t\t\t<\/li>\n\t\t\t\t\t\t\t\t<li class=\"elementor-icon-list-item\">\n\t\t\t\t\t\t\t\t\t\t\t<span class=\"elementor-icon-list-icon\">\n\t\t\t\t\t\t\t<i aria-hidden=\"true\" class=\"fas fa-square-full\"><\/i>\t\t\t\t\t\t<\/span>\n\t\t\t\t\t\t\t\t\t\t<span class=\"elementor-icon-list-text\">sporz\u0105dzanie rocznych bilans\u00f3w, deklaracji podatkowych \u2013 tak\u017ce w j\u0119zyku angielskim<\/span>\n\t\t\t\t\t\t\t\t\t<\/li>\n\t\t\t\t\t\t\t\t<li class=\"elementor-icon-list-item\">\n\t\t\t\t\t\t\t\t\t\t\t<span class=\"elementor-icon-list-icon\">\n\t\t\t\t\t\t\t<i aria-hidden=\"true\" class=\"fas fa-square-full\"><\/i>\t\t\t\t\t\t<\/span>\n\t\t\t\t\t\t\t\t\t\t<span class=\"elementor-icon-list-text\">sprawozdania ko\u0144cowe\/sprawozdania pokontrolne do przed\u0142o\u017cenia w bankach\n(\u00a7 18 KWG \u2013 ustawy reguluj\u0105cej dzia\u0142alno\u015b\u0107 instytucji kredytowych)<\/span>\n\t\t\t\t\t\t\t\t\t<\/li>\n\t\t\t\t\t\t\t\t<li class=\"elementor-icon-list-item\">\n\t\t\t\t\t\t\t\t\t\t\t<span class=\"elementor-icon-list-icon\">\n\t\t\t\t\t\t\t<i aria-hidden=\"true\" class=\"fas fa-square-full\"><\/i>\t\t\t\t\t\t<\/span>\n\t\t\t\t\t\t\t\t\t\t<span class=\"elementor-icon-list-text\">plany finansowe, plany wyp\u0142acalno\u015bci, plany inwestycyjne<\/span>\n\t\t\t\t\t\t\t\t\t<\/li>\n\t\t\t\t\t\t\t\t<li class=\"elementor-icon-list-item\">\n\t\t\t\t\t\t\t\t\t\t\t<span class=\"elementor-icon-list-icon\">\n\t\t\t\t\t\t\t<i aria-hidden=\"true\" class=\"fas fa-square-full\"><\/i>\t\t\t\t\t\t<\/span>\n\t\t\t\t\t\t\t\t\t\t<span class=\"elementor-icon-list-text\">wsp\u00f3\u0142dzia\u0142anie przy kontrolach podatkowych przedsi\u0119biorstw przeprowadzanych przez urz\u0119dy finansowe<\/span>\n\t\t\t\t\t\t\t\t\t<\/li>\n\t\t\t\t\t\t\t\t<li class=\"elementor-icon-list-item\">\n\t\t\t\t\t\t\t\t\t\t\t<span class=\"elementor-icon-list-icon\">\n\t\t\t\t\t\t\t<i aria-hidden=\"true\" class=\"fas fa-square-full\"><\/i>\t\t\t\t\t\t<\/span>\n\t\t\t\t\t\t\t\t\t\t<span class=\"elementor-icon-list-text\">post\u0119powania w urz\u0119dach finansowych i s\u0105dach w sprawach wniesienia \u015brodk\u00f3w zaskar\u017cenia<\/span>\n\t\t\t\t\t\t\t\t\t<\/li>\n\t\t\t\t\t\t\t\t<li class=\"elementor-icon-list-item\">\n\t\t\t\t\t\t\t\t\t\t\t<span class=\"elementor-icon-list-icon\">\n\t\t\t\t\t\t\t<i aria-hidden=\"true\" class=\"fas fa-square-full\"><\/i>\t\t\t\t\t\t<\/span>\n\t\t\t\t\t\t\t\t\t\t<span class=\"elementor-icon-list-text\">doradztwo w sprawach budowania egzystencji, wyboru formy prawnej<\/span>\n\t\t\t\t\t\t\t\t\t<\/li>\n\t\t\t\t\t\t\t\t<li class=\"elementor-icon-list-item\">\n\t\t\t\t\t\t\t\t\t\t\t<span class=\"elementor-icon-list-icon\">\n\t\t\t\t\t\t\t<i aria-hidden=\"true\" class=\"fas fa-square-full\"><\/i>\t\t\t\t\t\t<\/span>\n\t\t\t\t\t\t\t\t\t\t<span class=\"elementor-icon-list-text\">Pomoc w post\u0119powaniach karnych skarbowych<\/span>\n\t\t\t\t\t\t\t\t\t<\/li>\n\t\t\t\t\t\t\t\t<li class=\"elementor-icon-list-item\">\n\t\t\t\t\t\t\t\t\t\t\t<span class=\"elementor-icon-list-icon\">\n\t\t\t\t\t\t\t<i aria-hidden=\"true\" class=\"fas fa-square-full\"><\/i>\t\t\t\t\t\t<\/span>\n\t\t\t\t\t\t\t\t\t\t<span class=\"elementor-icon-list-text\">Doradztwo projektowe dla firm rozpoczynaj\u0105cych dzia\u0142alno\u015b\u0107, wyb\u00f3r formy prawnej<\/span>\n\t\t\t\t\t\t\t\t\t<\/li>\n\t\t\t\t\t\t\t\t<li class=\"elementor-icon-list-item\">\n\t\t\t\t\t\t\t\t\t\t\t<span class=\"elementor-icon-list-icon\">\n\t\t\t\t\t\t\t<i aria-hidden=\"true\" class=\"fas fa-square-full\"><\/i>\t\t\t\t\t\t<\/span>\n\t\t\t\t\t\t\t\t\t\t<span class=\"elementor-icon-list-text\">Zoptymalizowana podatkowo sukcesja firmy, przeniesienie maj\u0105tku poprzez<\/span>\n\t\t\t\t\t\t\t\t\t<\/li>\n\t\t\t\t\t\t\t\t<li class=\"elementor-icon-list-item\">\n\t\t\t\t\t\t\t\t\t\t\t<span class=\"elementor-icon-list-icon\">\n\t\t\t\t\t\t\t<i aria-hidden=\"true\" class=\"fas fa-square-full\"><\/i>\t\t\t\t\t\t<\/span>\n\t\t\t\t\t\t\t\t\t\t<span class=\"elementor-icon-list-text\">prezent lub spadek<\/span>\n\t\t\t\t\t\t\t\t\t<\/li>\n\t\t\t\t\t\t\t\t<li class=\"elementor-icon-list-item\">\n\t\t\t\t\t\t\t\t\t\t\t<span class=\"elementor-icon-list-icon\">\n\t\t\t\t\t\t\t<i aria-hidden=\"true\" class=\"fas fa-square-full\"><\/i>\t\t\t\t\t\t<\/span>\n\t\t\t\t\t\t\t\t\t\t<span class=\"elementor-icon-list-text\">ocena lokat kapita\u0142u zoptymalizowanych pod wzgl\u0119dem podatkowym<\/span>\n\t\t\t\t\t\t\t\t\t<\/li>\n\t\t\t\t\t\t\t\t<li class=\"elementor-icon-list-item\">\n\t\t\t\t\t\t\t\t\t\t\t<span class=\"elementor-icon-list-icon\">\n\t\t\t\t\t\t\t<i aria-hidden=\"true\" class=\"fas fa-square-full\"><\/i>\t\t\t\t\t\t<\/span>\n\t\t\t\t\t\t\t\t\t\t<span class=\"elementor-icon-list-text\">doradztwo maj\u0105tkowe i zarz\u0105dzanie maj\u0105tkiem<\/span>\n\t\t\t\t\t\t\t\t\t<\/li>\n\t\t\t\t\t\t<\/ul>\n\t\t\t\t<\/div>\n\t\t\t\t<\/div>\n\t\t\t\t<div class=\"elementor-element elementor-element-c454b9d elementor-position-left elementor-view-default elementor-mobile-position-top elementor-vertical-align-top elementor-widget elementor-widget-icon-box\" data-id=\"c454b9d\" data-element_type=\"widget\" data-widget_type=\"icon-box.default\">\n\t\t\t\t<div class=\"elementor-widget-container\">\n\t\t\t<link rel=\"stylesheet\" href=\"https:\/\/von-stein.de\/wp-content\/uploads\/elementor\/css\/custom-widget-icon-box.min.css?ver=1709481253\">\t\t<div class=\"elementor-icon-box-wrapper\">\n\t\t\t\t\t\t<div class=\"elementor-icon-box-icon\">\n\t\t\t\t<span  class=\"elementor-icon elementor-animation-\">\n\t\t\t\t<svg xmlns:svg=\"http:\/\/www.w3.org\/2000\/svg\" xmlns=\"http:\/\/www.w3.org\/2000\/svg\" width=\"779\" height=\"768\" viewbox=\"0 0 88.596252 87.363747\" id=\"svg2430\"><defs id=\"defs2432\"><\/defs><g transform=\"translate(20.298125,19.681875)\" id=\"layer1\"><path d=\"M 0.0625,67.125 L 0.0625,87.375 L 7.375,87.375 C 12.82125,87.375 17.5,83.0075 17.5,77.40625 C 17.345,71.1825 13.44625,67.124997 8,67.125 L 0.0625,67.125 z M 24.5,67.125 L 16.71875,87.375 L 21.0625,87.375 L 27.125,71.34375 L 32.125,84.09375 L 26.5,84.09375 L 26.5,87.375 L 37.71875,87.375 L 29.78125,67.125 L 24.5,67.125 z M 34.28125,67.125 L 34.28125,70.5625 L 40.84375,70.5625 L 40.84375,87.375 L 45.34375,87.375 L 45.34375,70.5625 L 51.71875,70.5625 L 51.71875,67.125 L 34.28125,67.125 z M 53.4375,67.125 L 53.4375,87.375 L 67.4375,87.375 L 67.4375,84.09375 L 57.78125,84.09375 L 57.78125,78.5 L 66.34375,78.5 L 66.34375,75.0625 L 57.78125,75.0625 L 57.78125,70.5625 L 66.96875,70.5625 L 66.96875,67.125 L 53.4375,67.125 z M 68.0625,67.125 L 76,87.375 L 80.8125,87.375 L 88.59375,67.125 L 77.875,67.125 L 77.875,70.5625 L 83,70.5625 L 78.3125,82.84375 L 72.5625,67.125 L 68.0625,67.125 z M 4.25,70.5625 L 7.6875,70.5625 C 11.11,70.5625 13.4375,73.04875 13.28125,77.25 C 13.12625,81.6075 10.17125,83.937496 6.59375,83.9375 L 4.25,83.9375 L 4.25,70.5625 z \" transform=\"translate(-20.298125,-19.681875)\" style=\"fill:#00a992;fill-opacity:1;fill-rule:evenodd;stroke:none\" id=\"path54962\"><\/path><path d=\"M -20.298125,42.766875 L 67.980625,42.766875 L 67.980625,-19.681875 L -20.298125,-19.681875 L -20.298125,42.766875 z \" style=\"fill:#96d550;fill-opacity:1;fill-rule:nonzero;stroke:none\" id=\"path54964\"><\/path><\/g><\/svg>\t\t\t\t<\/span>\n\t\t\t<\/div>\n\t\t\t\t\t\t<div class=\"elementor-icon-box-content\">\n\t\t\t\t<h3 class=\"elementor-icon-box-title\">\n\t\t\t\t\t<span  >\n\t\t\t\t\t\t\t\t\t\t\t<\/span>\n\t\t\t\t<\/h3>\n\t\t\t\t\t\t\t\t\t<p class=\"elementor-icon-box-description\">\n\t\t\t\t\t\tOd pocz\u0105tku naszej dzia\u0142alno\u015bci pracujemy w najlepszym na rynku programie DATEV eG., dzi\u0119ki czemu nasze us\u0142ugi s\u0105 na najwy\u017cszym poziomie. Gwarantujemy Pa\u0144stwu wysoki poziom zabezpiecze\u0144 danych. Nasze biuro jest zabezpieczone alarmem, wi\u0119c Pa\u0144stwa\ndane i dokumenty s\u0105 u nas bezpieczne.\t\t\t\t\t<\/p>\n\t\t\t\t\t\t\t<\/div>\n\t\t<\/div>\n\t\t\t\t<\/div>\n\t\t\t\t<\/div>\n\t\t\t\t\t<\/div>\n\t\t<\/div>\n\t\t\t\t<div class=\"elementor-column elementor-col-33 elementor-top-column elementor-element elementor-element-1024c10\" data-id=\"1024c10\" data-element_type=\"column\">\n\t\t\t<div class=\"elementor-widget-wrap elementor-element-populated\">\n\t\t\t\t\t\t<div class=\"elementor-element elementor-element-2ec8faa elementor-widget elementor-widget-image\" data-id=\"2ec8faa\" data-element_type=\"widget\" data-widget_type=\"image.default\">\n\t\t\t\t<div class=\"elementor-widget-container\">\n\t\t\t<style>\/*! elementor - v3.20.0 - 10-04-2024 *\/\n.elementor-widget-image{text-align:center}.elementor-widget-image a{display:inline-block}.elementor-widget-image a img[src$=\".svg\"]{width:48px}.elementor-widget-image img{vertical-align:middle;display:inline-block}<\/style>\t\t\t\t\t\t\t\t\t\t<img fetchpriority=\"high\" decoding=\"async\" width=\"684\" height=\"1024\" src=\"https:\/\/von-stein.de\/wp-content\/uploads\/2022\/03\/ESI_3966-684x1024.jpg\" class=\"attachment-large size-large wp-image-757\" alt=\"\" srcset=\"https:\/\/von-stein.de\/wp-content\/uploads\/2022\/03\/ESI_3966-684x1024.jpg 684w, https:\/\/von-stein.de\/wp-content\/uploads\/2022\/03\/ESI_3966-200x300.jpg 200w, https:\/\/von-stein.de\/wp-content\/uploads\/2022\/03\/ESI_3966-768x1150.jpg 768w, https:\/\/von-stein.de\/wp-content\/uploads\/2022\/03\/ESI_3966.jpg 1000w\" sizes=\"(max-width: 684px) 100vw, 684px\" \/>\t\t\t\t\t\t\t\t\t\t\t\t\t<\/div>\n\t\t\t\t<\/div>\n\t\t\t\t<div class=\"elementor-element elementor-element-48df810 elementor-widget elementor-widget-image\" data-id=\"48df810\" data-element_type=\"widget\" data-widget_type=\"image.default\">\n\t\t\t\t<div class=\"elementor-widget-container\">\n\t\t\t\t\t\t\t\t\t\t\t\t\t<img decoding=\"async\" width=\"1000\" height=\"667\" src=\"https:\/\/von-stein.de\/wp-content\/uploads\/2022\/03\/ESI_3991_Details_ret.jpg\" class=\"attachment-large size-large wp-image-759\" alt=\"\" srcset=\"https:\/\/von-stein.de\/wp-content\/uploads\/2022\/03\/ESI_3991_Details_ret.jpg 1000w, https:\/\/von-stein.de\/wp-content\/uploads\/2022\/03\/ESI_3991_Details_ret-300x200.jpg 300w, https:\/\/von-stein.de\/wp-content\/uploads\/2022\/03\/ESI_3991_Details_ret-768x512.jpg 768w\" sizes=\"(max-width: 1000px) 100vw, 1000px\" \/>\t\t\t\t\t\t\t\t\t\t\t\t\t<\/div>\n\t\t\t\t<\/div>\n\t\t\t\t\t<\/div>\n\t\t<\/div>\n\t\t\t\t\t<\/div>\n\t\t<\/section>\n\t\t\t\t<\/div>","protected":false},"excerpt":{"rendered":"<p>Der Schwerpunkt der steuerlichen Beratungst\u00e4tigkeit liegt im Bereich kleiner und mittelgro\u00dfer Unternehmen. Meine Beratungsschwerpunkte sind: Lohn- und Finanzbuchhaltung &#8211; auch in englischer Sprache Jahresabschlusserstellung, Steuererkl\u00e4rungen &#8211; auch in englischer Sprache Abschluss-\/Pr\u00fcfungsberichte zur Vorlage bei Banken (\u00a7 18 KWG) Finanz-, Liquidit\u00e4ts- und Investitionsplanung Mitwirkung bei steuerlichen Betriebspr\u00fcfungen Rechtsbehelfsverfahren vor Finanzbeh\u00f6rden und -gerichten Beratung und Durchf\u00fchrung strafbefreiender [&hellip;]<\/p>","protected":false},"author":2,"featured_media":0,"parent":0,"menu_order":0,"comment_status":"closed","ping_status":"closed","template":"","meta":{"footnotes":""},"_links":{"self":[{"href":"https:\/\/von-stein.de\/pl\/wp-json\/wp\/v2\/pages\/29"}],"collection":[{"href":"https:\/\/von-stein.de\/pl\/wp-json\/wp\/v2\/pages"}],"about":[{"href":"https:\/\/von-stein.de\/pl\/wp-json\/wp\/v2\/types\/page"}],"author":[{"embeddable":true,"href":"https:\/\/von-stein.de\/pl\/wp-json\/wp\/v2\/users\/2"}],"replies":[{"embeddable":true,"href":"https:\/\/von-stein.de\/pl\/wp-json\/wp\/v2\/comments?post=29"}],"version-history":[{"count":55,"href":"https:\/\/von-stein.de\/pl\/wp-json\/wp\/v2\/pages\/29\/revisions"}],"predecessor-version":[{"id":804,"href":"https:\/\/von-stein.de\/pl\/wp-json\/wp\/v2\/pages\/29\/revisions\/804"}],"wp:attachment":[{"href":"https:\/\/von-stein.de\/pl\/wp-json\/wp\/v2\/media?parent=29"}],"curies":[{"name":"wp","href":"https:\/\/api.w.org\/{rel}","templated":true}]}}