{"id":25,"date":"2022-03-02T19:17:28","date_gmt":"2022-03-02T19:17:28","guid":{"rendered":"https:\/\/wordpresskils.agency\/vonstein\/?page_id=25"},"modified":"2022-03-09T12:44:47","modified_gmt":"2022-03-09T12:44:47","slug":"kanzleiprofil","status":"publish","type":"page","link":"https:\/\/von-stein.de\/pl\/kanzleiprofil\/","title":{"rendered":"Kancelaria"},"content":{"rendered":"<div data-elementor-type=\"wp-page\" data-elementor-id=\"25\" class=\"elementor elementor-25\">\n\t\t\t\t\t\t<section class=\"elementor-section elementor-top-section elementor-element elementor-element-7b8daea elementor-section-height-min-height elementor-section-items-top elementor-section-boxed elementor-section-height-default\" data-id=\"7b8daea\" data-element_type=\"section\">\n\t\t\t\t\t\t<div class=\"elementor-container elementor-column-gap-default\">\n\t\t\t\t\t<div class=\"elementor-column elementor-col-66 elementor-top-column elementor-element elementor-element-bcb8a52\" data-id=\"bcb8a52\" data-element_type=\"column\">\n\t\t\t<div class=\"elementor-widget-wrap elementor-element-populated\">\n\t\t\t\t\t\t<div class=\"elementor-element elementor-element-d50126c elementor-widget elementor-widget-heading\" data-id=\"d50126c\" data-element_type=\"widget\" data-widget_type=\"heading.default\">\n\t\t\t\t<div class=\"elementor-widget-container\">\n\t\t\t<style>\/*! elementor - v3.20.0 - 10-04-2024 *\/\n.elementor-heading-title{padding:0;margin:0;line-height:1}.elementor-widget-heading .elementor-heading-title[class*=elementor-size-]>a{color:inherit;font-size:inherit;line-height:inherit}.elementor-widget-heading .elementor-heading-title.elementor-size-small{font-size:15px}.elementor-widget-heading .elementor-heading-title.elementor-size-medium{font-size:19px}.elementor-widget-heading .elementor-heading-title.elementor-size-large{font-size:29px}.elementor-widget-heading .elementor-heading-title.elementor-size-xl{font-size:39px}.elementor-widget-heading .elementor-heading-title.elementor-size-xxl{font-size:59px}<\/style><h2 class=\"elementor-heading-title elementor-size-default\">Philosophie<\/h2>\t\t<\/div>\n\t\t\t\t<\/div>\n\t\t\t\t<div class=\"elementor-element elementor-element-0c6ab4d elementor-widget elementor-widget-text-editor\" data-id=\"0c6ab4d\" data-element_type=\"widget\" data-widget_type=\"text-editor.default\">\n\t\t\t\t<div class=\"elementor-widget-container\">\n\t\t\t<style>\/*! elementor - v3.20.0 - 10-04-2024 *\/\n.elementor-widget-text-editor.elementor-drop-cap-view-stacked .elementor-drop-cap{background-color:#69727d;color:#fff}.elementor-widget-text-editor.elementor-drop-cap-view-framed .elementor-drop-cap{color:#69727d;border:3px solid;background-color:transparent}.elementor-widget-text-editor:not(.elementor-drop-cap-view-default) .elementor-drop-cap{margin-top:8px}.elementor-widget-text-editor:not(.elementor-drop-cap-view-default) .elementor-drop-cap-letter{width:1em;height:1em}.elementor-widget-text-editor .elementor-drop-cap{float:left;text-align:center;line-height:1;font-size:50px}.elementor-widget-text-editor .elementor-drop-cap-letter{display:inline-block}<\/style>\t\t\t\t<p>W naszym coraz bardziej wszechstronnym i zawik\u0142anym prawie, a zw\u0142aszcza w prawie podatkowym, jednym z podstawowych warunk\u00f3w skutecznej obs\u0142ugi klient\u00f3w jest mo\u017cliwie \u015bcis\u0142e zaz\u0119bianie si\u0119 r\u00f3\u017cnych dziedzin doradztwa. \u017baden pojedynczy doradca nie jest dzi\u015b w stanie kompetentnie obs\u0142u\u017cy\u0107 ca\u0142ego zakresu dzia\u0142alno\u015bci.\nDu\u017ce kancelarie usi\u0142uj\u0105 rozwi\u0105za\u0107 ten problem poprzez daleko id\u0105c\u0105 specjalizacj\u0119 i zatrudnianie licznych specjalist\u00f3w. Jednak\u017ce dla wielu klient\u00f3w tego rozwi\u0105zania s\u0105 za drogie lub zbyt anonimowe. My wybieramy drog\u0119 po\u015bredni\u0105.<\/p><p>Jako rodze\u0144stwo pracujemy pod tym samym adresem w \u015bcis\u0142ej kooperacji z kilkoma adwokatami i doradcami podatkowymi. Przy czym maj\u0105c r\u00f3\u017ane specjalizacje znakomicie si\u0119 uzupe\u0142niamy.<\/p>\t\t\t\t\t\t<\/div>\n\t\t\t\t<\/div>\n\t\t\t\t<div class=\"elementor-element elementor-element-5360afe elementor-position-left elementor-view-default elementor-mobile-position-top elementor-vertical-align-top elementor-widget elementor-widget-icon-box\" data-id=\"5360afe\" data-element_type=\"widget\" data-widget_type=\"icon-box.default\">\n\t\t\t\t<div class=\"elementor-widget-container\">\n\t\t\t<link rel=\"stylesheet\" href=\"https:\/\/von-stein.de\/wp-content\/uploads\/elementor\/css\/custom-widget-icon-box.min.css?ver=1709481253\">\t\t<div class=\"elementor-icon-box-wrapper\">\n\t\t\t\t\t\t<div class=\"elementor-icon-box-icon\">\n\t\t\t\t<span  class=\"elementor-icon elementor-animation-\">\n\t\t\t\t<i aria-hidden=\"true\" class=\"fas fa-square-full\"><\/i>\t\t\t\t<\/span>\n\t\t\t<\/div>\n\t\t\t\t\t\t<div class=\"elementor-icon-box-content\">\n\t\t\t\t<h3 class=\"elementor-icon-box-title\">\n\t\t\t\t\t<span  >\n\t\t\t\t\t\t\t\t\t\t\t<\/span>\n\t\t\t\t<\/h3>\n\t\t\t\t\t\t\t\t\t<p class=\"elementor-icon-box-description\">\n\t\t\t\t\t\tSigrid von Stein, adwokat, e-mail:\u00a0<strong><a href='mailto:sigrid@von-stein.de'>sigrid@von-stein.de<\/a><\/strong>\n\t\t\t\t\t<\/p>\n\t\t\t\t\t\t\t<\/div>\n\t\t<\/div>\n\t\t\t\t<\/div>\n\t\t\t\t<\/div>\n\t\t\t\t<div class=\"elementor-element elementor-element-3f5925f elementor-position-left elementor-view-default elementor-mobile-position-top elementor-vertical-align-top elementor-widget elementor-widget-icon-box\" data-id=\"3f5925f\" data-element_type=\"widget\" data-widget_type=\"icon-box.default\">\n\t\t\t\t<div class=\"elementor-widget-container\">\n\t\t\t\t\t<div class=\"elementor-icon-box-wrapper\">\n\t\t\t\t\t\t<div class=\"elementor-icon-box-icon\">\n\t\t\t\t<span  class=\"elementor-icon elementor-animation-\">\n\t\t\t\t<i aria-hidden=\"true\" class=\"fas fa-square-full\"><\/i>\t\t\t\t<\/span>\n\t\t\t<\/div>\n\t\t\t\t\t\t<div class=\"elementor-icon-box-content\">\n\t\t\t\t<h3 class=\"elementor-icon-box-title\">\n\t\t\t\t\t<span  >\n\t\t\t\t\t\t\t\t\t\t\t<\/span>\n\t\t\t\t<\/h3>\n\t\t\t\t\t\t\t\t\t<p class=\"elementor-icon-box-description\">\n\t\t\t\t\t\tHartmut von Stein (mgr ekonomii), doradca podatkowy, e-mail:\u00a0<strong><a href='mailto:hartmut@von-stein.de'>hartmut@von-stein.de<\/a><\/strong>\n\t\t\t\t\t<\/p>\n\t\t\t\t\t\t\t<\/div>\n\t\t<\/div>\n\t\t\t\t<\/div>\n\t\t\t\t<\/div>\n\t\t\t\t\t<\/div>\n\t\t<\/div>\n\t\t\t\t<div class=\"elementor-column elementor-col-33 elementor-top-column elementor-element elementor-element-688f8f5\" data-id=\"688f8f5\" data-element_type=\"column\">\n\t\t\t<div class=\"elementor-widget-wrap elementor-element-populated\">\n\t\t\t\t\t\t<div class=\"elementor-element elementor-element-2cabe05 elementor-widget elementor-widget-image\" data-id=\"2cabe05\" data-element_type=\"widget\" data-widget_type=\"image.default\">\n\t\t\t\t<div class=\"elementor-widget-container\">\n\t\t\t<style>\/*! elementor - v3.20.0 - 10-04-2024 *\/\n.elementor-widget-image{text-align:center}.elementor-widget-image a{display:inline-block}.elementor-widget-image a img[src$=\".svg\"]{width:48px}.elementor-widget-image img{vertical-align:middle;display:inline-block}<\/style>\t\t\t\t\t\t\t\t\t\t<img fetchpriority=\"high\" decoding=\"async\" width=\"230\" height=\"337\" src=\"https:\/\/von-stein.de\/wp-content\/uploads\/2022\/03\/profil.jpg\" class=\"attachment-large size-large wp-image-139\" alt=\"\" srcset=\"https:\/\/von-stein.de\/wp-content\/uploads\/2022\/03\/profil.jpg 230w, https:\/\/von-stein.de\/wp-content\/uploads\/2022\/03\/profil-205x300.jpg 205w\" sizes=\"(max-width: 230px) 100vw, 230px\" \/>\t\t\t\t\t\t\t\t\t\t\t\t\t<\/div>\n\t\t\t\t<\/div>\n\t\t\t\t\t<\/div>\n\t\t<\/div>\n\t\t\t\t\t<\/div>\n\t\t<\/section>\n\t\t\t\t<\/div>","protected":false},"excerpt":{"rendered":"<p>Philosophie In unserem immer komplexeren rechtlichen und insbesondere steuerrechtlichen Umfeld ist engste Verzahnung verschiedener Beratungsschwerpunkte eine der Grundvoraussetzungen erfolgreicher Mandantenbetreuung. Kein Einzelner kann heute den gesamten Bereich kompetent abdecken. Gro\u00dfkanzleien versuchen, dieses Problem durch starke Spezialisierung unter Einbeziehung zahlreicher Spezialisten zu l\u00f6sen. F\u00fcr viele Mandanten sind derartige L\u00f6sungen aber entweder zu kostspielig oder zu anonym. [&hellip;]<\/p>","protected":false},"author":2,"featured_media":0,"parent":0,"menu_order":0,"comment_status":"closed","ping_status":"closed","template":"","meta":{"footnotes":""},"_links":{"self":[{"href":"https:\/\/von-stein.de\/pl\/wp-json\/wp\/v2\/pages\/25"}],"collection":[{"href":"https:\/\/von-stein.de\/pl\/wp-json\/wp\/v2\/pages"}],"about":[{"href":"https:\/\/von-stein.de\/pl\/wp-json\/wp\/v2\/types\/page"}],"author":[{"embeddable":true,"href":"https:\/\/von-stein.de\/pl\/wp-json\/wp\/v2\/users\/2"}],"replies":[{"embeddable":true,"href":"https:\/\/von-stein.de\/pl\/wp-json\/wp\/v2\/comments?post=25"}],"version-history":[{"count":91,"href":"https:\/\/von-stein.de\/pl\/wp-json\/wp\/v2\/pages\/25\/revisions"}],"predecessor-version":[{"id":594,"href":"https:\/\/von-stein.de\/pl\/wp-json\/wp\/v2\/pages\/25\/revisions\/594"}],"wp:attachment":[{"href":"https:\/\/von-stein.de\/pl\/wp-json\/wp\/v2\/media?parent=25"}],"curies":[{"name":"wp","href":"https:\/\/api.w.org\/{rel}","templated":true}]}}