{"id":31,"date":"2022-03-02T19:18:22","date_gmt":"2022-03-02T19:18:22","guid":{"rendered":"https:\/\/wordpresskils.agency\/vonstein\/?page_id=31"},"modified":"2026-05-02T00:16:27","modified_gmt":"2026-05-02T00:16:27","slug":"weg-zu-uns","status":"publish","type":"page","link":"https:\/\/von-stein.de\/en\/weg-zu-uns\/","title":{"rendered":"How to find us"},"content":{"rendered":"<div data-elementor-type=\"wp-page\" data-elementor-id=\"31\" class=\"elementor elementor-31\">\n\t\t\t\t\t\t<section class=\"elementor-section elementor-top-section elementor-element elementor-element-a97dae5 elementor-section-boxed elementor-section-height-default elementor-section-height-default\" data-id=\"a97dae5\" data-element_type=\"section\">\n\t\t\t\t\t\t<div class=\"elementor-container elementor-column-gap-default\">\n\t\t\t\t\t<div class=\"elementor-column elementor-col-66 elementor-top-column elementor-element elementor-element-3074768\" data-id=\"3074768\" data-element_type=\"column\">\n\t\t\t<div class=\"elementor-widget-wrap elementor-element-populated\">\n\t\t\t\t\t\t<div class=\"elementor-element elementor-element-84bac2b elementor-position-left elementor-view-default elementor-mobile-position-top elementor-vertical-align-top elementor-widget elementor-widget-icon-box\" data-id=\"84bac2b\" data-element_type=\"widget\" data-widget_type=\"icon-box.default\">\n\t\t\t\t<div class=\"elementor-widget-container\">\n\t\t\t<link rel=\"stylesheet\" href=\"https:\/\/von-stein.de\/wp-content\/uploads\/elementor\/css\/custom-widget-icon-box.min.css?ver=1709481253\">\t\t<div class=\"elementor-icon-box-wrapper\">\n\t\t\t\t\t\t<div class=\"elementor-icon-box-icon\">\n\t\t\t\t<span  class=\"elementor-icon elementor-animation-\">\n\t\t\t\t<i aria-hidden=\"true\" class=\"fas fa-square-full\"><\/i>\t\t\t\t<\/span>\n\t\t\t<\/div>\n\t\t\t\t\t\t<div class=\"elementor-icon-box-content\">\n\t\t\t\t<h3 class=\"elementor-icon-box-title\">\n\t\t\t\t\t<span  >\n\t\t\t\t\t\t\t\t\t\t\t<\/span>\n\t\t\t\t<\/h3>\n\t\t\t\t\t\t\t\t\t<p class=\"elementor-icon-box-description\">\n\t\t\t\t\t\tUnsere Kanzlei befindet sich in zentraler Lage von Hamburg-Uhlenhorst im www.winterhuder-hof.de<br>\n<br><b>Anschrift<\/b>:  <br><div><span style=\"font-variant-ligatures: normal; font-variant-caps: normal; font-family: Helvetica, sans-serif; font-size: 14px; font-style: normal; white-space: normal;\">Kanzlei von Stein &amp; von Stein<\/span><br style=\"font-family: Helvetica, sans-serif; white-space: normal;\"><span style=\"font-family: Helvetica, sans-serif; font-size: 14px; font-style: normal; font-variant-ligatures: normal; font-variant-caps: normal; font-weight: 400; white-space: normal;\">Attorney and tax consultant<\/span><br style=\"font-family: Helvetica, sans-serif; white-space: normal;\">PartG<span style=\"font-family: Helvetica, sans-serif; font-size: 14px; font-style: normal; font-variant-ligatures: normal; font-variant-caps: normal; font-weight: 400; white-space: normal;\">&nbsp;mbB<\/span><br style=\"font-family: Helvetica, sans-serif; white-space: normal;\"><span style=\"font-family: Helvetica, sans-serif; font-size: 14px; font-style: normal; font-variant-ligatures: normal; font-variant-caps: normal; font-weight: 400; white-space: normal;\">registered under PR 910 im<\/span><br style=\"font-family: Helvetica, sans-serif; white-space: normal;\"><span style=\"font-family: Helvetica, sans-serif; font-size: 14px; font-style: normal; font-variant-ligatures: normal; font-variant-caps: normal; font-weight: 400; white-space: normal;\">Partnership register district court Hamburg<\/span><br style=\"font-family: Helvetica, sans-serif; white-space: normal;\"><span style=\"font-family: Helvetica, sans-serif; font-size: 14px; font-style: normal; font-variant-ligatures: normal; font-variant-caps: normal; font-weight: 400; white-space: normal;\">Humboldtstra\u00dfe 67a, 22083 Hamburg<\/span><br style=\"font-family: Helvetica, sans-serif; white-space: normal;\"><span style=\"font-family: Helvetica, sans-serif; font-size: 14px; font-style: normal; font-variant-ligatures: normal; font-variant-caps: normal; font-weight: 400; white-space: normal;\">Telephone 040 \/ 32 32 36 60<\/span><br style=\"font-family: Helvetica, sans-serif; white-space: normal;\"><span style=\"font-family: Helvetica, sans-serif; font-size: 14px; font-style: normal; font-variant-ligatures: normal; font-variant-caps: normal; font-weight: 400; white-space: normal;\">Telefax 040 \/ 32 32 36 67<\/span><\/div>\t\t\t\t\t<\/p>\n\t\t\t\t\t\t\t<\/div>\n\t\t<\/div>\n\t\t\t\t<\/div>\n\t\t\t\t<\/div>\n\t\t\t\t<div class=\"elementor-element elementor-element-d9ee2cf elementor-position-left elementor-view-default elementor-mobile-position-top elementor-vertical-align-top elementor-widget elementor-widget-icon-box\" data-id=\"d9ee2cf\" data-element_type=\"widget\" data-widget_type=\"icon-box.default\">\n\t\t\t\t<div class=\"elementor-widget-container\">\n\t\t\t\t\t<div class=\"elementor-icon-box-wrapper\">\n\t\t\t\t\t\t<div class=\"elementor-icon-box-icon\">\n\t\t\t\t<span  class=\"elementor-icon elementor-animation-\">\n\t\t\t\t<i aria-hidden=\"true\" class=\"fas fa-square-full\"><\/i>\t\t\t\t<\/span>\n\t\t\t<\/div>\n\t\t\t\t\t\t<div class=\"elementor-icon-box-content\">\n\t\t\t\t<h3 class=\"elementor-icon-box-title\">\n\t\t\t\t\t<span  >\n\t\t\t\t\t\t\t\t\t\t\t<\/span>\n\t\t\t\t<\/h3>\n\t\t\t\t\t\t\t\t\t<p class=\"elementor-icon-box-description\">\n\t\t\t\t\t\t<strong>Parking:<\/strong><br>\nDirekt vor dem Eingang oder auf dem Hofgel\u00e4nde m\u00f6glich.\t\t\t\t\t<\/p>\n\t\t\t\t\t\t\t<\/div>\n\t\t<\/div>\n\t\t\t\t<\/div>\n\t\t\t\t<\/div>\n\t\t\t\t<div class=\"elementor-element elementor-element-dc720fb elementor-icon-list--layout-traditional elementor-list-item-link-full_width elementor-widget elementor-widget-icon-list\" data-id=\"dc720fb\" data-element_type=\"widget\" data-widget_type=\"icon-list.default\">\n\t\t\t\t<div class=\"elementor-widget-container\">\n\t\t\t<link rel=\"stylesheet\" href=\"https:\/\/von-stein.de\/wp-content\/uploads\/elementor\/css\/custom-widget-icon-list.min.css?ver=1709483841\">\t\t<ul class=\"elementor-icon-list-items\">\n\t\t\t\t\t\t\t<li class=\"elementor-icon-list-item\">\n\t\t\t\t\t\t\t\t\t\t\t<span class=\"elementor-icon-list-icon\">\n\t\t\t\t\t\t\t<i aria-hidden=\"true\" class=\"fas fa-square-full\"><\/i>\t\t\t\t\t\t<\/span>\n\t\t\t\t\t\t\t\t\t\t<span class=\"elementor-icon-list-text\">Transportation services:<\/span>\n\t\t\t\t\t\t\t\t\t<\/li>\n\t\t\t\t\t\t<\/ul>\n\t\t\t\t<\/div>\n\t\t\t\t<\/div>\n\t\t\t\t<section class=\"elementor-section elementor-inner-section elementor-element elementor-element-7e3230c elementor-section-boxed elementor-section-height-default elementor-section-height-default\" data-id=\"7e3230c\" data-element_type=\"section\">\n\t\t\t\t\t\t<div class=\"elementor-container elementor-column-gap-no\">\n\t\t\t\t\t<div class=\"elementor-column elementor-col-50 elementor-inner-column elementor-element elementor-element-c496aca\" data-id=\"c496aca\" data-element_type=\"column\">\n\t\t\t<div class=\"elementor-widget-wrap elementor-element-populated\">\n\t\t\t\t\t\t<div class=\"elementor-element elementor-element-631701b elementor-widget elementor-widget-image\" data-id=\"631701b\" data-element_type=\"widget\" data-widget_type=\"image.default\">\n\t\t\t\t<div class=\"elementor-widget-container\">\n\t\t\t<style>\/*! elementor - v3.20.0 - 10-04-2024 *\/\n.elementor-widget-image{text-align:center}.elementor-widget-image a{display:inline-block}.elementor-widget-image a img[src$=\".svg\"]{width:48px}.elementor-widget-image img{vertical-align:middle;display:inline-block}<\/style>\t\t\t\t\t\t\t\t\t\t<img decoding=\"async\" width=\"59\" height=\"60\" src=\"https:\/\/von-stein.de\/wp-content\/uploads\/2022\/03\/bus.png\" class=\"attachment-large size-large wp-image-610\" alt=\"\" \/>\t\t\t\t\t\t\t\t\t\t\t\t\t<\/div>\n\t\t\t\t<\/div>\n\t\t\t\t\t<\/div>\n\t\t<\/div>\n\t\t\t\t<div class=\"elementor-column elementor-col-50 elementor-inner-column elementor-element elementor-element-e86b9e9\" data-id=\"e86b9e9\" data-element_type=\"column\">\n\t\t\t<div class=\"elementor-widget-wrap elementor-element-populated\">\n\t\t\t\t\t\t<div class=\"elementor-element elementor-element-5a36a3a elementor-widget elementor-widget-text-editor\" data-id=\"5a36a3a\" data-element_type=\"widget\" data-widget_type=\"text-editor.default\">\n\t\t\t\t<div class=\"elementor-widget-container\">\n\t\t\t<style>\/*! elementor - v3.20.0 - 10-04-2024 *\/\n.elementor-widget-text-editor.elementor-drop-cap-view-stacked .elementor-drop-cap{background-color:#69727d;color:#fff}.elementor-widget-text-editor.elementor-drop-cap-view-framed .elementor-drop-cap{color:#69727d;border:3px solid;background-color:transparent}.elementor-widget-text-editor:not(.elementor-drop-cap-view-default) .elementor-drop-cap{margin-top:8px}.elementor-widget-text-editor:not(.elementor-drop-cap-view-default) .elementor-drop-cap-letter{width:1em;height:1em}.elementor-widget-text-editor .elementor-drop-cap{float:left;text-align:center;line-height:1;font-size:50px}.elementor-widget-text-editor .elementor-drop-cap-letter{display:inline-block}<\/style>\t\t\t\t<p><strong>BUS 25, X22:<\/strong>\u00a0<br \/><span style=\"font-size: 14px;\">Haltestelle \u201eBeethovenstra\u00dfe\u201c<\/span><\/p>\t\t\t\t\t\t<\/div>\n\t\t\t\t<\/div>\n\t\t\t\t\t<\/div>\n\t\t<\/div>\n\t\t\t\t\t<\/div>\n\t\t<\/section>\n\t\t\t\t\t<\/div>\n\t\t<\/div>\n\t\t\t\t<div class=\"elementor-column elementor-col-33 elementor-top-column elementor-element elementor-element-25085fd\" data-id=\"25085fd\" data-element_type=\"column\">\n\t\t\t<div class=\"elementor-widget-wrap elementor-element-populated\">\n\t\t\t\t\t\t<div class=\"elementor-element elementor-element-0e954d3 elementor-widget-widescreen__width-initial elementor-widget__width-initial elementor-widget elementor-widget-image\" data-id=\"0e954d3\" data-element_type=\"widget\" data-widget_type=\"image.default\">\n\t\t\t\t<div class=\"elementor-widget-container\">\n\t\t\t\t\t\t\t\t\t\t\t\t\t<img fetchpriority=\"high\" decoding=\"async\" width=\"576\" height=\"1024\" src=\"https:\/\/von-stein.de\/wp-content\/uploads\/2026\/05\/IMG_4573-576x1024.jpeg\" class=\"attachment-large size-large wp-image-1120\" alt=\"\" srcset=\"https:\/\/von-stein.de\/wp-content\/uploads\/2026\/05\/IMG_4573-576x1024.jpeg 576w, https:\/\/von-stein.de\/wp-content\/uploads\/2026\/05\/IMG_4573-169x300.jpeg 169w, https:\/\/von-stein.de\/wp-content\/uploads\/2026\/05\/IMG_4573-768x1365.jpeg 768w, https:\/\/von-stein.de\/wp-content\/uploads\/2026\/05\/IMG_4573-864x1536.jpeg 864w, https:\/\/von-stein.de\/wp-content\/uploads\/2026\/05\/IMG_4573-1152x2048.jpeg 1152w, https:\/\/von-stein.de\/wp-content\/uploads\/2026\/05\/IMG_4573-7x12.jpeg 7w, https:\/\/von-stein.de\/wp-content\/uploads\/2026\/05\/IMG_4573-scaled.jpeg 1440w\" sizes=\"(max-width: 576px) 100vw, 576px\" \/>\t\t\t\t\t\t\t\t\t\t\t\t\t<\/div>\n\t\t\t\t<\/div>\n\t\t\t\t\t<\/div>\n\t\t<\/div>\n\t\t\t\t\t<\/div>\n\t\t<\/section>\n\t\t\t\t<\/div>","protected":false},"excerpt":{"rendered":"<p>Unsere Kanzlei befindet sich in zentraler Lage von Hamburg-Uhlenhorst im www.winterhuder-hof.de Anschrift: Kanzlei von Stein &amp; von SteinRechtsanw\u00e4ltin und SteuerberaterPartG&nbsp;mbBeingetragen unter PR 910 imPartnerschaftsregister Amtsgericht HamburgHumboldtstra\u00dfe 67a, 22083 HamburgTelefon 040 \/ 32 32 36 60Telefax 040 \/ 32 32 36 67 Parkm\u00f6glichkeiten: Direkt vor dem Eingang oder auf dem Hofgel\u00e4nde m\u00f6glich. Verkehrsanbindung: BUS 25, X22:\u00a0Haltestelle [&hellip;]<\/p>","protected":false},"author":2,"featured_media":0,"parent":0,"menu_order":0,"comment_status":"closed","ping_status":"closed","template":"","meta":{"footnotes":""},"_links":{"self":[{"href":"https:\/\/von-stein.de\/en\/wp-json\/wp\/v2\/pages\/31"}],"collection":[{"href":"https:\/\/von-stein.de\/en\/wp-json\/wp\/v2\/pages"}],"about":[{"href":"https:\/\/von-stein.de\/en\/wp-json\/wp\/v2\/types\/page"}],"author":[{"embeddable":true,"href":"https:\/\/von-stein.de\/en\/wp-json\/wp\/v2\/users\/2"}],"replies":[{"embeddable":true,"href":"https:\/\/von-stein.de\/en\/wp-json\/wp\/v2\/comments?post=31"}],"version-history":[{"count":157,"href":"https:\/\/von-stein.de\/en\/wp-json\/wp\/v2\/pages\/31\/revisions"}],"predecessor-version":[{"id":1140,"href":"https:\/\/von-stein.de\/en\/wp-json\/wp\/v2\/pages\/31\/revisions\/1140"}],"wp:attachment":[{"href":"https:\/\/von-stein.de\/en\/wp-json\/wp\/v2\/media?parent=31"}],"curies":[{"name":"wp","href":"https:\/\/api.w.org\/{rel}","templated":true}]}}