{"id":27,"date":"2022-03-02T19:17:44","date_gmt":"2022-03-02T19:17:44","guid":{"rendered":"https:\/\/wordpresskils.agency\/vonstein\/?page_id=27"},"modified":"2022-03-09T13:00:36","modified_gmt":"2022-03-09T13:00:36","slug":"rechtsberatung","status":"publish","type":"page","link":"https:\/\/von-stein.de\/en\/rechtsberatung\/","title":{"rendered":"Legal Services"},"content":{"rendered":"<div data-elementor-type=\"wp-page\" data-elementor-id=\"27\" class=\"elementor elementor-27\">\n\t\t\t\t\t\t<section class=\"elementor-section elementor-top-section elementor-element elementor-element-9862826 elementor-section-height-min-height elementor-section-boxed elementor-section-height-default elementor-section-items-middle\" data-id=\"9862826\" data-element_type=\"section\">\n\t\t\t\t\t\t<div class=\"elementor-container elementor-column-gap-default\">\n\t\t\t\t\t<div class=\"elementor-column elementor-col-66 elementor-top-column elementor-element elementor-element-b5e5836\" data-id=\"b5e5836\" data-element_type=\"column\">\n\t\t\t<div class=\"elementor-widget-wrap elementor-element-populated\">\n\t\t\t\t\t\t<div class=\"elementor-element elementor-element-9ead996 elementor-widget elementor-widget-heading\" data-id=\"9ead996\" data-element_type=\"widget\" data-widget_type=\"heading.default\">\n\t\t\t\t<div class=\"elementor-widget-container\">\n\t\t\t<style>\/*! elementor - v3.20.0 - 10-04-2024 *\/\n.elementor-heading-title{padding:0;margin:0;line-height:1}.elementor-widget-heading .elementor-heading-title[class*=elementor-size-]>a{color:inherit;font-size:inherit;line-height:inherit}.elementor-widget-heading .elementor-heading-title.elementor-size-small{font-size:15px}.elementor-widget-heading .elementor-heading-title.elementor-size-medium{font-size:19px}.elementor-widget-heading .elementor-heading-title.elementor-size-large{font-size:29px}.elementor-widget-heading .elementor-heading-title.elementor-size-xl{font-size:39px}.elementor-widget-heading .elementor-heading-title.elementor-size-xxl{font-size:59px}<\/style><h2 class=\"elementor-heading-title elementor-size-default\">Legal Services<\/h2>\t\t<\/div>\n\t\t\t\t<\/div>\n\t\t\t\t<div class=\"elementor-element elementor-element-a47538f elementor-position-left elementor-view-default elementor-mobile-position-top elementor-vertical-align-top elementor-widget elementor-widget-icon-box\" data-id=\"a47538f\" data-element_type=\"widget\" data-widget_type=\"icon-box.default\">\n\t\t\t\t<div class=\"elementor-widget-container\">\n\t\t\t<link rel=\"stylesheet\" href=\"https:\/\/von-stein.de\/wp-content\/uploads\/elementor\/css\/custom-widget-icon-box.min.css?ver=1709481253\">\t\t<div class=\"elementor-icon-box-wrapper\">\n\t\t\t\t\t\t<div class=\"elementor-icon-box-icon\">\n\t\t\t\t<span  class=\"elementor-icon elementor-animation-\">\n\t\t\t\t<i aria-hidden=\"true\" class=\"fas fa-square-full\"><\/i>\t\t\t\t<\/span>\n\t\t\t<\/div>\n\t\t\t\t\t\t<div class=\"elementor-icon-box-content\">\n\t\t\t\t<h3 class=\"elementor-icon-box-title\">\n\t\t\t\t\t<span  >\n\t\t\t\t\t\t\t\t\t\t\t<\/span>\n\t\t\t\t<\/h3>\n\t\t\t\t\t\t\t\t\t<p class=\"elementor-icon-box-description\">\n\t\t\t\t\t\tIn 1987, I began my professional carrier at a well-known law firm in Hamburg. Two years later, I founded my own law firm.<br><br>\n\nI advice a number of companies in various fields including, financial service, contract, civil law and tenancy law. One of my specialties is providing law advice in capital markets and investment consulting.<br><br>\n\nOne of my current responsibilities is managing large collections agencies and individual claims. Our technical equipment for judicial online dunning is state of the art and is constantly updated. This results in to a in a substantial time savings in obtaining dunning and execution notices in comparison with other creditors.<br><br>\n\nI would be glad to represent you in all matters regarding to tenancy law.\t\t\t\t\t<\/p>\n\t\t\t\t\t\t\t<\/div>\n\t\t<\/div>\n\t\t\t\t<\/div>\n\t\t\t\t<\/div>\n\t\t\t\t\t<\/div>\n\t\t<\/div>\n\t\t\t\t<div class=\"elementor-column elementor-col-33 elementor-top-column elementor-element elementor-element-46b6052\" data-id=\"46b6052\" data-element_type=\"column\">\n\t\t\t<div class=\"elementor-widget-wrap elementor-element-populated\">\n\t\t\t\t\t\t<div class=\"elementor-element elementor-element-b0c8fea elementor-widget elementor-widget-image\" data-id=\"b0c8fea\" data-element_type=\"widget\" data-widget_type=\"image.default\">\n\t\t\t\t<div class=\"elementor-widget-container\">\n\t\t\t<style>\/*! elementor - v3.20.0 - 10-04-2024 *\/\n.elementor-widget-image{text-align:center}.elementor-widget-image a{display:inline-block}.elementor-widget-image a img[src$=\".svg\"]{width:48px}.elementor-widget-image img{vertical-align:middle;display:inline-block}<\/style>\t\t\t\t\t\t\t\t\t\t<img fetchpriority=\"high\" decoding=\"async\" width=\"230\" height=\"337\" src=\"https:\/\/von-stein.de\/wp-content\/uploads\/2022\/03\/sigrid.jpg\" class=\"attachment-large size-large wp-image-204\" alt=\"\" srcset=\"https:\/\/von-stein.de\/wp-content\/uploads\/2022\/03\/sigrid.jpg 230w, https:\/\/von-stein.de\/wp-content\/uploads\/2022\/03\/sigrid-205x300.jpg 205w\" sizes=\"(max-width: 230px) 100vw, 230px\" \/>\t\t\t\t\t\t\t\t\t\t\t\t\t<\/div>\n\t\t\t\t<\/div>\n\t\t\t\t\t<\/div>\n\t\t<\/div>\n\t\t\t\t\t<\/div>\n\t\t<\/section>\n\t\t\t\t<\/div>","protected":false},"excerpt":{"rendered":"<p>Rechtsberatung Nach dem Studium der Rechtswissenschaften in Hamburg begann ich im Jahre 1987 meine berufliche Laufbahn in einer renommierten Hamburger Rechtsanwaltskanzlei. Zwei Jahre sp\u00e4ter gr\u00fcndete ich im Jahr 1989 die jetzige Kanzlei unter der heutigen Anschrift. Hier berate ich einige gro\u00dfe Unternehmen in vertraglichen und zivilrechtlichen Fragen. Ein weiterer Schwerpunkt ist die Beratung im Kapitalmarktrecht, [&hellip;]<\/p>","protected":false},"author":2,"featured_media":0,"parent":0,"menu_order":0,"comment_status":"closed","ping_status":"closed","template":"","meta":{"footnotes":""},"_links":{"self":[{"href":"https:\/\/von-stein.de\/en\/wp-json\/wp\/v2\/pages\/27"}],"collection":[{"href":"https:\/\/von-stein.de\/en\/wp-json\/wp\/v2\/pages"}],"about":[{"href":"https:\/\/von-stein.de\/en\/wp-json\/wp\/v2\/types\/page"}],"author":[{"embeddable":true,"href":"https:\/\/von-stein.de\/en\/wp-json\/wp\/v2\/users\/2"}],"replies":[{"embeddable":true,"href":"https:\/\/von-stein.de\/en\/wp-json\/wp\/v2\/comments?post=27"}],"version-history":[{"count":34,"href":"https:\/\/von-stein.de\/en\/wp-json\/wp\/v2\/pages\/27\/revisions"}],"predecessor-version":[{"id":600,"href":"https:\/\/von-stein.de\/en\/wp-json\/wp\/v2\/pages\/27\/revisions\/600"}],"wp:attachment":[{"href":"https:\/\/von-stein.de\/en\/wp-json\/wp\/v2\/media?parent=27"}],"curies":[{"name":"wp","href":"https:\/\/api.w.org\/{rel}","templated":true}]}}